{"id":2310,"date":"2024-09-11T17:57:29","date_gmt":"2024-09-11T17:57:29","guid":{"rendered":"https:\/\/oasismockups.com\/eng\/?page_id=2310"},"modified":"2025-02-25T21:42:42","modified_gmt":"2025-02-25T21:42:42","slug":"license","status":"publish","type":"page","link":"https:\/\/oasismockups.com\/eng\/license\/","title":{"rendered":"License"},"content":{"rendered":"\t\t<div data-elementor-type=\"wp-page\" data-elementor-id=\"2310\" class=\"elementor elementor-2310\" data-elementor-post-type=\"page\">\n\t\t\t\t<div class=\"elementor-element elementor-element-7a25cb7 e-flex e-con-boxed e-con e-parent\" data-id=\"7a25cb7\" data-element_type=\"container\" data-e-type=\"container\">\n\t\t\t\t\t<div class=\"e-con-inner\">\n\t\t<div class=\"elementor-element elementor-element-200b29e e-con-full e-flex e-con e-child\" data-id=\"200b29e\" data-element_type=\"container\" data-e-type=\"container\">\n\t\t\t\t<div class=\"elementor-element elementor-element-3be4f0c elementor-widget__width-inherit elementor-widget elementor-widget-woocommerce-breadcrumb\" data-id=\"3be4f0c\" data-element_type=\"widget\" data-e-type=\"widget\" data-widget_type=\"woocommerce-breadcrumb.default\">\n\t\t\t\t<div class=\"elementor-widget-container\">\n\t\t\t\t\t<nav class=\"woocommerce-breadcrumb\" aria-label=\"Breadcrumb\">Home<\/nav>\t\t\t\t<\/div>\n\t\t\t\t<\/div>\n\t\t\t\t<div class=\"elementor-element elementor-element-653838f elementor-widget elementor-widget-heading\" data-id=\"653838f\" data-element_type=\"widget\" data-e-type=\"widget\" data-widget_type=\"heading.default\">\n\t\t\t\t<div class=\"elementor-widget-container\">\n\t\t\t\t\t<h2 class=\"elementor-heading-title elementor-size-default\">Termos de Licen\u00e7a<\/h2>\t\t\t\t<\/div>\n\t\t\t\t<\/div>\n\t\t\t\t<div class=\"elementor-element elementor-element-e172e17 elementor-widget__width-inherit elementor-widget-mobile__width-inherit elementor-widget-divider--view-line elementor-widget elementor-widget-divider\" data-id=\"e172e17\" data-element_type=\"widget\" data-e-type=\"widget\" data-widget_type=\"divider.default\">\n\t\t\t\t<div class=\"elementor-widget-container\">\n\t\t\t\t\t\t\t<div class=\"elementor-divider\">\n\t\t\t<span class=\"elementor-divider-separator\">\n\t\t\t\t\t\t<\/span>\n\t\t<\/div>\n\t\t\t\t\t\t<\/div>\n\t\t\t\t<\/div>\n\t\t\t\t<\/div>\n\t\t\t\t\t<\/div>\n\t\t\t\t<\/div>\n\t\t<div class=\"elementor-element elementor-element-d1fcf73 e-flex e-con-boxed e-con e-parent\" data-id=\"d1fcf73\" data-element_type=\"container\" data-e-type=\"container\">\n\t\t\t\t\t<div class=\"e-con-inner\">\n\t\t\t\t<div class=\"elementor-element elementor-element-8495c5f elementor-widget__width-initial elementor-widget-mobile__width-inherit elementor-widget-tablet__width-inherit elementor-widget elementor-widget-text-editor\" data-id=\"8495c5f\" data-element_type=\"widget\" data-e-type=\"widget\" data-widget_type=\"text-editor.default\">\n\t\t\t\t<div class=\"elementor-widget-container\">\n\t\t\t\t\t\t\t\t\t<p>Ao adquirir e utilizar nossos mockups, voc\u00ea concorda com os seguintes termos de licen\u00e7a. Caso tenha d\u00favidas, entre em contato conosco.<\/p><p><strong>O que voc\u00ea pode fazer<\/strong><\/p><ul><li>Usar os mockups para projetos pessoais ou comerciais, tanto online quanto impressos.<\/li><li>Utilizar os mockups em seu site, redes sociais e outros meios, sem necessidade de atribui\u00e7\u00e3o.<\/li><li>Incorporar os mockups em produtos digitais, como e-books, PDFs, planilhas, desde que sejam parte do design e n\u00e3o o componente principal.<\/li><\/ul><p>\u00a0<\/p><p><strong>O que voc\u00ea n\u00e3o pode fazer<\/strong><\/p><ul><li>Reivindicar os mockups como seus. Os direitos permanecem com a Oasis Mockups.<\/li><li>Criar produtos digitais derivados ou novos mockups com nossos designs.<\/li><li>Redistribuir, vender ou emprestar os mockups a terceiros.<\/li><li>Transferir credenciais de acesso a outras pessoas.<\/li><li>Usar os mockups para promover produtos de outras empresas ou para atividades ilegais.<\/li><\/ul><p>\u00a0<\/p><p><strong>Propriedade Intelectual<\/strong><\/p><ul><li>Todos os direitos dos mockups pertencem \u00e0 Oasis Mockups.<\/li><li>A licen\u00e7a n\u00e3o transfere direitos de propriedade sobre os mockups.<\/li><\/ul><p>\u00a0<\/p><p><strong>Restri\u00e7\u00f5es Adicionais<\/strong><\/p><ul><li>\u00c9 proibido usar os mockups de forma que possa ser considerada ofensiva ou ilegal.<\/li><li>Monitoramos o uso para garantir o cumprimento dos termos.<\/li><\/ul><p>\u00a0<\/p><p><strong>D\u00favidas<\/strong><\/p><p>Se tiver d\u00favidas sobre o uso dos mockups ou precisar de mais informa\u00e7\u00f5es, entre em contato conosco.<\/p>\t\t\t\t\t\t\t\t<\/div>\n\t\t\t\t<\/div>\n\t\t\t\t\t<\/div>\n\t\t\t\t<\/div>\n\t\t\t\t<\/div>\n\t\t","protected":false},"excerpt":{"rendered":"<p>Termos de Licen\u00e7a Ao adquirir e utilizar nossos mockups, voc\u00ea concorda com os seguintes termos de licen\u00e7a. Caso tenha d\u00favidas, entre em contato conosco. O que voc\u00ea pode fazer Usar os mockups para projetos pessoais ou comerciais, tanto online quanto impressos. Utilizar os mockups em seu site, redes sociais e outros meios, sem necessidade de [&hellip;]<\/p>\n","protected":false},"author":1,"featured_media":0,"parent":0,"menu_order":0,"comment_status":"closed","ping_status":"closed","template":"","meta":{"_acf_changed":false,"footnotes":""},"class_list":["post-2310","page","type-page","status-publish","hentry"],"acf":[],"_links":{"self":[{"href":"https:\/\/oasismockups.com\/eng\/wp-json\/wp\/v2\/pages\/2310","targetHints":{"allow":["GET"]}}],"collection":[{"href":"https:\/\/oasismockups.com\/eng\/wp-json\/wp\/v2\/pages"}],"about":[{"href":"https:\/\/oasismockups.com\/eng\/wp-json\/wp\/v2\/types\/page"}],"author":[{"embeddable":true,"href":"https:\/\/oasismockups.com\/eng\/wp-json\/wp\/v2\/users\/1"}],"replies":[{"embeddable":true,"href":"https:\/\/oasismockups.com\/eng\/wp-json\/wp\/v2\/comments?post=2310"}],"version-history":[{"count":0,"href":"https:\/\/oasismockups.com\/eng\/wp-json\/wp\/v2\/pages\/2310\/revisions"}],"wp:attachment":[{"href":"https:\/\/oasismockups.com\/eng\/wp-json\/wp\/v2\/media?parent=2310"}],"curies":[{"name":"wp","href":"https:\/\/api.w.org\/{rel}","templated":true}]}}