{"id":1141,"date":"2024-09-08T21:22:11","date_gmt":"2024-09-08T21:22:11","guid":{"rendered":"https:\/\/oasismockups.com\/eng\/wishlist-2\/"},"modified":"2025-02-25T22:33:51","modified_gmt":"2025-02-25T22:33:51","slug":"wishlist","status":"publish","type":"page","link":"https:\/\/oasismockups.com\/eng\/wishlist\/","title":{"rendered":"Wishlist"},"content":{"rendered":"\t\t<div data-elementor-type=\"wp-page\" data-elementor-id=\"1141\" class=\"elementor elementor-1141\" data-elementor-post-type=\"page\">\n\t\t\t\t<div class=\"elementor-element elementor-element-94fa40b e-flex e-con-boxed e-con e-parent\" data-id=\"94fa40b\" data-element_type=\"container\" data-e-type=\"container\">\n\t\t\t\t\t<div class=\"e-con-inner\">\n\t\t<div class=\"elementor-element elementor-element-779bfaf e-con-full e-flex e-con e-child\" data-id=\"779bfaf\" data-element_type=\"container\" data-e-type=\"container\">\n\t\t\t\t<div class=\"elementor-element elementor-element-985ab95 elementor-widget__width-inherit elementor-widget elementor-widget-woocommerce-breadcrumb\" data-id=\"985ab95\" data-element_type=\"widget\" data-e-type=\"widget\" data-widget_type=\"woocommerce-breadcrumb.default\">\n\t\t\t\t<div class=\"elementor-widget-container\">\n\t\t\t\t\t<nav class=\"woocommerce-breadcrumb\" aria-label=\"Breadcrumb\">Home<\/nav>\t\t\t\t<\/div>\n\t\t\t\t<\/div>\n\t\t\t\t<div class=\"elementor-element elementor-element-296551e elementor-widget elementor-widget-heading\" data-id=\"296551e\" data-element_type=\"widget\" data-e-type=\"widget\" data-widget_type=\"heading.default\">\n\t\t\t\t<div class=\"elementor-widget-container\">\n\t\t\t\t\t<h2 class=\"elementor-heading-title elementor-size-default\">My Favorites\n\n\n\n\n\n\n\n<\/h2>\t\t\t\t<\/div>\n\t\t\t\t<\/div>\n\t\t\t\t<div class=\"elementor-element elementor-element-41ed8d9 elementor-widget__width-inherit elementor-widget-divider--view-line elementor-widget elementor-widget-divider\" data-id=\"41ed8d9\" data-element_type=\"widget\" data-e-type=\"widget\" data-widget_type=\"divider.default\">\n\t\t\t\t<div class=\"elementor-widget-container\">\n\t\t\t\t\t\t\t<div class=\"elementor-divider\">\n\t\t\t<span class=\"elementor-divider-separator\">\n\t\t\t\t\t\t<\/span>\n\t\t<\/div>\n\t\t\t\t\t\t<\/div>\n\t\t\t\t<\/div>\n\t\t\t\t<\/div>\n\t\t\t\t\t<\/div>\n\t\t\t\t<\/div>\n\t\t<div class=\"elementor-element elementor-element-108a6c38 e-flex e-con-boxed e-con e-parent\" data-id=\"108a6c38\" data-element_type=\"container\" data-e-type=\"container\">\n\t\t\t\t\t<div class=\"e-con-inner\">\n\t\t\t\t<div class=\"elementor-element elementor-element-19a6fc99 elementor-widget elementor-widget-text-editor\" data-id=\"19a6fc99\" data-element_type=\"widget\" data-e-type=\"widget\" data-widget_type=\"text-editor.default\">\n\t\t\t\t<div class=\"elementor-widget-container\">\n\t\t\t\t\t\t\t\t\t<form id=\"wlfmc-wishlist-form\" action=\"https:\/\/oasismockups.com\/eng\/wishlist\/\" method=\"post\" class=\"wlfmc-wishlist-form wlfmc-wishlist-1 wlfmc-wishlist-fragment woocommerce on-first-load\" data-fragment-options=\"{&quot;unique_id&quot;:&quot;1&quot;,&quot;is_elementor&quot;:false,&quot;has_access&quot;:true,&quot;wishlist_id&quot;:false,&quot;action_params&quot;:false,&quot;per_page&quot;:&quot;10&quot;,&quot;current_page&quot;:1,&quot;pagination&quot;:true,&quot;wishlist_url&quot;:&quot;https:\\\/\\\/oasismockups.com\\\/eng\\\/wishlist\\\/&quot;,&quot;no_interactions&quot;:false,&quot;items_show&quot;:&quot;product-name,product-thumbnail,product-price,product-remove&quot;,&quot;total_price_mode&quot;:&quot;classic&quot;,&quot;total_position&quot;:&quot;below-action-bar&quot;,&quot;enable_layout_toggle&quot;:false,&quot;product_move&quot;:false,&quot;product_copy&quot;:false,&quot;move_all_to_list_label&quot;:&quot;Move all to list&quot;,&quot;copy_all_to_list_label&quot;:&quot;Copy all to list&quot;,&quot;show_total_price&quot;:false,&quot;enable_drag_n_drop&quot;:false,&quot;is_cache_enabled&quot;:&quot;1&quot;,&quot;wishlist_page_title&quot;:&quot;My Wishlist&quot;,&quot;view_mode&quot;:&quot;grid&quot;,&quot;button_add_to_cart_style&quot;:&quot;&quot;,&quot;qty_style&quot;:&quot;&quot;,&quot;pagination_style&quot;:&quot;&quot;,&quot;custom_template&quot;:&quot;&quot;,&quot;enable_actions&quot;:false,&quot;enable_all_add_to_cart&quot;:false,&quot;enable_share&quot;:&quot;&quot;,&quot;share_position&quot;:&quot;after_table&quot;,&quot;share_items&quot;:&quot;facebook,messenger,twitter,whatsapp,telegram,email,copy,pdf&quot;,&quot;socials_title&quot;:&quot;My Wishlist on Oasis Mockups&quot;,&quot;login_notice&quot;:false,&quot;base_url&quot;:&quot;&quot;,&quot;wishlist&quot;:false,&quot;wishlist_token&quot;:&quot;&quot;,&quot;is_private&quot;:false,&quot;count&quot;:0,&quot;wishlist_items&quot;:&quot;&quot;,&quot;page_links&quot;:false,&quot;is_user_logged_in&quot;:false,&quot;is_user_owner&quot;:false,&quot;merge_lists&quot;:false,&quot;popup_vertical&quot;:&quot;center&quot;,&quot;popup_horizontal&quot;:&quot;center&quot;,&quot;empty_wishlist_title&quot;:&quot;N\\u00e3o h\\u00e1 produtos na lista de desejos!&quot;,&quot;empty_wishlist_content&quot;:&quot;&lt;p&gt;&lt;span style=\\&quot;vertical-align: inherit;\\&quot;&gt;&lt;span style=\\&quot;vertical-align: inherit;\\&quot;&gt;&lt;span style=\\&quot;vertical-align: inherit;\\&quot;&gt;&lt;span style=\\&quot;vertical-align: inherit;\\&quot;&gt;Voc\\u00ea n\\u00e3o adicionou nenhum produto \\u00e0 sua lista de desejos.&lt;\\\/span&gt;&lt;\\\/span&gt;&lt;\\\/span&gt;&lt;\\\/span&gt;&lt;\\\/p&gt;&quot;,&quot;tooltip_class&quot;:&quot; wlfmc-tooltip wlfmc-tooltip-top&quot;,&quot;tooltip_type&quot;:&quot;default&quot;,&quot;wishlist_class&quot;:&quot;wlfmc-default-table&quot;,&quot;wishlist_header_class&quot;:&quot;wlfmc-default-table-header&quot;,&quot;wishlist_pagination_class&quot;:&quot;woocommerce-pagination&quot;,&quot;share_enabled&quot;:false,&quot;template_part&quot;:&quot;view&quot;,&quot;additional_info&quot;:false,&quot;available_multi_list&quot;:false,&quot;gdpr_enable&quot;:false,&quot;unsubscribed&quot;:false,&quot;users_wishlists&quot;:&quot;&quot;,&quot;redirect_to_cart&quot;:&quot;&quot;,&quot;form_action&quot;:&quot;https:\\\/\\\/oasismockups.com\\\/eng\\\/wishlist\\\/&quot;,&quot;item&quot;:&quot;wishlist&quot;}\" data-fragment-ref=\"wishlist\">\n<div class=\"wlfmc-wishlist-table-wrapper\">\n<table\n\t\t\tclass=\"wlfmc-wishlist-table wlfmc-wishlist-items-wrapper wlfmc-list   view-mode-grid  wlfmc-default-table\"\n\t\t\tdata-pagination=\"1\"\n\t\t\tdata-per-page=\"10\"\n\t\t\tdata-page=\"1\"\n\t\t\tdata-id=\"\"\n\t\t\tdata-wishlist-type=\"\"\n\t\t\tdata-customer-id=\"\"\n\t\t\tdata-is-owner=\"\"\n\t\t\tdata-token=\"\"\n            data-nonce=\"da6e137cd6\"><\/p>\n<tbody class=\"wishlist-items-wrapper wishlist-empty\">\n<tr class=\"wishlist-empty-row\">\n<td colspan=\"3\" class=\"last-column\">\n\t\t\t\t\t\t<img fetchpriority=\"high\" decoding=\"async\" class=\"empty-image\" src=\"https:\/\/oasismockups.com\/eng\/wp-content\/plugins\/smart-wishlist-for-more-convert\/assets\/frontend\/images\/empty-wishlist.svg\" width=\"400\" height=\"216\"><\/p>\n<h3 class=\"empty-title\">N\u00e3o h\u00e1 produtos na lista de desejos!<\/h3>\n<div class=\"empty-content\">\n<p><span style=\"vertical-align: inherit;\"><span style=\"vertical-align: inherit;\"><span style=\"vertical-align: inherit;\"><span style=\"vertical-align: inherit;\">Voc\u00ea n\u00e3o adicionou nenhum produto \u00e0 sua lista de desejos.<\/span><\/span><\/span><\/span><\/p>\n<\/div>\n<p><a href=\"https:\/\/oasismockups.com\/eng\/mockups\/\" class=\"wc-forward button empty-button\">Go to shop<\/a>\t\t\t\t\t<\/td>\n<\/tr>\n<\/tbody>\n<tfoot class=\"wlfmc-wishlist-footer\">\n<\/tfoot>\n<\/table><\/div>\n<\/form>\n\t\t\t\t\t\t\t\t<\/div>\n\t\t\t\t<\/div>\n\t\t\t\t\t<\/div>\n\t\t\t\t<\/div>\n\t\t\t\t<\/div>\n\t\t","protected":false},"excerpt":{"rendered":"<p>My Favorites<\/p>\n","protected":false},"author":1,"featured_media":0,"parent":0,"menu_order":0,"comment_status":"closed","ping_status":"closed","template":"","meta":{"_acf_changed":false,"footnotes":""},"class_list":["post-1141","page","type-page","status-publish","hentry"],"acf":[],"_links":{"self":[{"href":"https:\/\/oasismockups.com\/eng\/wp-json\/wp\/v2\/pages\/1141","targetHints":{"allow":["GET"]}}],"collection":[{"href":"https:\/\/oasismockups.com\/eng\/wp-json\/wp\/v2\/pages"}],"about":[{"href":"https:\/\/oasismockups.com\/eng\/wp-json\/wp\/v2\/types\/page"}],"author":[{"embeddable":true,"href":"https:\/\/oasismockups.com\/eng\/wp-json\/wp\/v2\/users\/1"}],"replies":[{"embeddable":true,"href":"https:\/\/oasismockups.com\/eng\/wp-json\/wp\/v2\/comments?post=1141"}],"version-history":[{"count":0,"href":"https:\/\/oasismockups.com\/eng\/wp-json\/wp\/v2\/pages\/1141\/revisions"}],"wp:attachment":[{"href":"https:\/\/oasismockups.com\/eng\/wp-json\/wp\/v2\/media?parent=1141"}],"curies":[{"name":"wp","href":"https:\/\/api.w.org\/{rel}","templated":true}]}}